{"id":122,"date":"2022-04-18T10:59:44","date_gmt":"2022-04-18T10:59:44","guid":{"rendered":"https:\/\/canoteam.fi\/?page_id=122"},"modified":"2022-04-18T10:59:45","modified_gmt":"2022-04-18T10:59:45","slug":"tukipalvelut","status":"publish","type":"page","link":"https:\/\/canoteam.fi\/?page_id=122","title":{"rendered":"Tukipalvelut"},"content":{"rendered":"\n<h2 class=\"wp-block-heading\">Yll\u00e4pito<\/h2>\n\n\n\n<p>Asennus- ja yll\u00e4pitopalvelumme ovat&nbsp;asiakaskohtaisesti r\u00e4\u00e4t\u00e4l\u00f6ityj\u00e4&nbsp;palveluita, jotka tapahtuvat organisaatioiden omissa tiloissa.&nbsp;N\u00e4in laitteille taataan suurin mahdollinen k\u00e4ytt\u00f6aste ja virhetapauksissa mahdollisimman v\u00e4h\u00e4n h\u00e4iri\u00f6t\u00e4 liiketoiminnalle. Toiminnanohjausj\u00e4rjestelm\u00e4\u00e4mme kirjautuu asiakas- ja laitekohtaiset tiedot, jotka toimivat perustana yll\u00e4pitopalvelun kehitt\u00e4miselle sek\u00e4 palvelutason seurannalle. K\u00e4yt\u00f6ss\u00e4nne on markkinoiden tehokkain huolto-organisaatio. Maanlaajuinen Canon Oy:n asiantuntijatuki, verkkoperusteisen tietopankin k\u00e4ytt\u00f6oikeus sek\u00e4 jatkuva kouluttautuminen takaavat huoltotoiminnan laadun. Korkealaatuiset laitteet vaativat ammattitaitoista huoltoa ja tukea. Kattavan yll\u00e4pito-organisaation ansiosta asiantunteva apu on aina l\u00e4hell\u00e4 asiakastamme.<\/p>\n\n\n\n<h3 class=\"wp-block-heading\">Ennakoivaa huoltoa<\/h3>\n\n\n\n<p>Monitori-palvelu perustuu et\u00e4huoltoj\u00e4rjestelm\u00e4\u00e4n, joka valvoo Canon-laitteita ymp\u00e4ri vuorokauden. Palvelu antaa reaaliaikaista tietoa j\u00e4rjestelm\u00e4st\u00e4 mm. mittarilukemista, v\u00e4riainet\u00e4ydennysten tarpeesta ja vaihdon tarpeeseen tulevista kulutusosista. J\u00e4rjestelm\u00e4 lyhent\u00e4\u00e4 oleellisesti vasteaikoja koska informaatio laitteen tarvitsemasta tuesta tavoittaa organisaatiomme eritt\u00e4in nopeasti, huomaamattomasti ja tehokkaasti. Asiakkaillamme on suorat yhteystietomme helpdesk keskusten sijaan. <strong>Me saamme viestin ja Te palvelun.<\/strong><\/p>\n","protected":false},"excerpt":{"rendered":"<p>Yll\u00e4pito Asennus- ja yll\u00e4pitopalvelumme ovat&nbsp;asiakaskohtaisesti r\u00e4\u00e4t\u00e4l\u00f6ityj\u00e4&nbsp;palveluita, jotka tapahtuvat organisaatioiden omissa tiloissa.&nbsp;N\u00e4in laitteille taataan suurin mahdollinen k\u00e4ytt\u00f6aste ja virhetapauksissa mahdollisimman v\u00e4h\u00e4n h\u00e4iri\u00f6t\u00e4 liiketoiminnalle. Toiminnanohjausj\u00e4rjestelm\u00e4\u00e4mme kirjautuu asiakas- ja laitekohtaiset tiedot, jotka toimivat perustana yll\u00e4pitopalvelun kehitt\u00e4miselle sek\u00e4 palvelutason seurannalle. K\u00e4yt\u00f6ss\u00e4nne on markkinoiden tehokkain<\/p>\n","protected":false},"author":1,"featured_media":0,"parent":0,"menu_order":0,"comment_status":"closed","ping_status":"closed","template":"","meta":{"footnotes":""},"class_list":["post-122","page","type-page","status-publish","hentry"],"_links":{"self":[{"href":"https:\/\/canoteam.fi\/index.php?rest_route=\/wp\/v2\/pages\/122","targetHints":{"allow":["GET"]}}],"collection":[{"href":"https:\/\/canoteam.fi\/index.php?rest_route=\/wp\/v2\/pages"}],"about":[{"href":"https:\/\/canoteam.fi\/index.php?rest_route=\/wp\/v2\/types\/page"}],"author":[{"embeddable":true,"href":"https:\/\/canoteam.fi\/index.php?rest_route=\/wp\/v2\/users\/1"}],"replies":[{"embeddable":true,"href":"https:\/\/canoteam.fi\/index.php?rest_route=%2Fwp%2Fv2%2Fcomments&post=122"}],"version-history":[{"count":1,"href":"https:\/\/canoteam.fi\/index.php?rest_route=\/wp\/v2\/pages\/122\/revisions"}],"predecessor-version":[{"id":123,"href":"https:\/\/canoteam.fi\/index.php?rest_route=\/wp\/v2\/pages\/122\/revisions\/123"}],"wp:attachment":[{"href":"https:\/\/canoteam.fi\/index.php?rest_route=%2Fwp%2Fv2%2Fmedia&parent=122"}],"curies":[{"name":"wp","href":"https:\/\/api.w.org\/{rel}","templated":true}]}}