{"id":6,"date":"2022-04-17T20:47:36","date_gmt":"2022-04-17T20:47:36","guid":{"rendered":"https:\/\/canoteam.fi\/?page_id=6"},"modified":"2022-04-17T23:14:15","modified_gmt":"2022-04-17T23:14:15","slug":"etusivu","status":"publish","type":"page","link":"https:\/\/canoteam.fi\/","title":{"rendered":"Ty\u00f6kalut tehokkaaseen arkeen"},"content":{"rendered":"\n<p>Meilt\u00e4 l\u00f6yd\u00e4t tuotteet joilla yrityksesi helpottaa p\u00e4ivitt\u00e4ist\u00e4 toimintaansa ja virtaviivaistaa toimiston ty\u00f6skentely\u00e4. Toimitamme, yll\u00e4pid\u00e4mme ja kehit\u00e4mme ratkaisuja, jotka parantavat yrityksesi kilpailukyky\u00e4 ja antaa teille mahdollisuuden keskitty\u00e4 omaan ydintoimintaanne entist\u00e4kin paremmin. Tulemme mielell\u00e4mme kertomaan lis\u00e4\u00e4.<\/p>\n\n\n\n<p><\/p>\n\n\n\n<p><a href=\"http:\/\/www.canon.fi\/\" data-type=\"URL\" data-id=\"http:\/\/www.canon.fi\/\"><img loading=\"lazy\" decoding=\"async\" width=\"150\" height=\"50\" class=\"wp-image-73\" style=\"width: 150px;\" src=\"https:\/\/canoteam.fi\/wp-content\/uploads\/2022\/04\/stacks-image-e362743.png\" alt=\"\"><\/a>  <a href=\"http:\/\/www.lenovo.com\/fi\/fi\/\" data-type=\"URL\" data-id=\"http:\/\/www.lenovo.com\/fi\/fi\/\"><img loading=\"lazy\" decoding=\"async\" width=\"150\" height=\"50\" class=\"wp-image-74\" style=\"width: 150px;\" src=\"https:\/\/canoteam.fi\/wp-content\/uploads\/2022\/04\/stacks-image-5e488c9.png\" alt=\"\"><\/a> <a href=\"https:\/\/contourdesign.fi\/\" data-type=\"URL\" data-id=\"https:\/\/contourdesign.fi\/\"><img loading=\"lazy\" decoding=\"async\" width=\"150\" height=\"50\" class=\"wp-image-77\" style=\"width: 150px;\" src=\"https:\/\/canoteam.fi\/wp-content\/uploads\/2022\/04\/stacks-image-417c716.png\" alt=\"\"><\/a> <a href=\"http:\/\/www.hp.fi\/\" data-type=\"URL\" data-id=\"http:\/\/www.hp.fi\/\"><img loading=\"lazy\" decoding=\"async\" width=\"60\" height=\"60\" class=\"wp-image-76\" style=\"width: 60px;\" src=\"https:\/\/canoteam.fi\/wp-content\/uploads\/2022\/04\/stacks-image-24e05ee.png\" alt=\"\"><\/a> <a href=\"http:\/\/www.samsung.fi\/\" data-type=\"URL\" data-id=\"http:\/\/www.samsung.fi\/\"><img loading=\"lazy\" decoding=\"async\" width=\"150\" height=\"50\" class=\"wp-image-75\" style=\"width: 150px;\" src=\"https:\/\/canoteam.fi\/wp-content\/uploads\/2022\/04\/stacks-image-7ee2678-1.png\" alt=\"\"><\/a> <a href=\"http:\/\/avioninteractive.fi\/\" data-type=\"URL\" data-id=\"http:\/\/avioninteractive.fi\/\"><img loading=\"lazy\" decoding=\"async\" width=\"150\" height=\"50\" class=\"wp-image-78\" style=\"width: 150px;\" src=\"https:\/\/canoteam.fi\/wp-content\/uploads\/2022\/04\/stacks-image-d5353a0.png\" alt=\"\"><\/a><a href=\"http:\/\/www.idid.fi\/\" data-type=\"URL\" data-id=\"http:\/\/www.idid.fi\/\"><img loading=\"lazy\" decoding=\"async\" width=\"60\" height=\"60\" class=\"wp-image-79\" style=\"width: 60px;\" src=\"https:\/\/canoteam.fi\/wp-content\/uploads\/2022\/04\/stacks-image-dd779e6.png\" alt=\"\"><\/a><br><\/p>\n","protected":false},"excerpt":{"rendered":"<p>Meilt\u00e4 l\u00f6yd\u00e4t tuotteet joilla yrityksesi helpottaa p\u00e4ivitt\u00e4ist\u00e4 toimintaansa ja virtaviivaistaa toimiston ty\u00f6skentely\u00e4. Toimitamme, yll\u00e4pid\u00e4mme ja kehit\u00e4mme ratkaisuja, jotka parantavat yrityksesi kilpailukyky\u00e4 ja antaa teille mahdollisuuden keskitty\u00e4 omaan ydintoimintaanne entist\u00e4kin paremmin. Tulemme mielell\u00e4mme kertomaan lis\u00e4\u00e4.<\/p>\n","protected":false},"author":1,"featured_media":70,"parent":0,"menu_order":0,"comment_status":"closed","ping_status":"closed","template":"page-templates\/business.php","meta":{"footnotes":""},"class_list":["post-6","page","type-page","status-publish","has-post-thumbnail","hentry"],"_links":{"self":[{"href":"https:\/\/canoteam.fi\/index.php?rest_route=\/wp\/v2\/pages\/6","targetHints":{"allow":["GET"]}}],"collection":[{"href":"https:\/\/canoteam.fi\/index.php?rest_route=\/wp\/v2\/pages"}],"about":[{"href":"https:\/\/canoteam.fi\/index.php?rest_route=\/wp\/v2\/types\/page"}],"author":[{"embeddable":true,"href":"https:\/\/canoteam.fi\/index.php?rest_route=\/wp\/v2\/users\/1"}],"replies":[{"embeddable":true,"href":"https:\/\/canoteam.fi\/index.php?rest_route=%2Fwp%2Fv2%2Fcomments&post=6"}],"version-history":[{"count":3,"href":"https:\/\/canoteam.fi\/index.php?rest_route=\/wp\/v2\/pages\/6\/revisions"}],"predecessor-version":[{"id":81,"href":"https:\/\/canoteam.fi\/index.php?rest_route=\/wp\/v2\/pages\/6\/revisions\/81"}],"wp:featuredmedia":[{"embeddable":true,"href":"https:\/\/canoteam.fi\/index.php?rest_route=\/wp\/v2\/media\/70"}],"wp:attachment":[{"href":"https:\/\/canoteam.fi\/index.php?rest_route=%2Fwp%2Fv2%2Fmedia&parent=6"}],"curies":[{"name":"wp","href":"https:\/\/api.w.org\/{rel}","templated":true}]}}