{"id":7,"date":"2022-04-17T20:47:36","date_gmt":"2022-04-17T20:47:36","guid":{"rendered":"https:\/\/canoteam.fi\/?page_id=7"},"modified":"2022-04-21T17:26:11","modified_gmt":"2022-04-21T17:26:11","slug":"tietoja","status":"publish","type":"page","link":"https:\/\/canoteam.fi\/?page_id=7","title":{"rendered":"Tuotteet"},"content":{"rendered":"\n<h2 class=\"wp-block-heading\">Tietotekniikka<\/h2>\n\n\n\n<p>Toimitamme yrityksesi tarpeisiin sopivan tietotekniikan tablet -tietokoneista palvelimiin &#8211;&nbsp;<em>luotettavasti ja sovitusta aikataulusta kiinni pit\u00e4en<\/em>. Kaikkiin laitehankintoihin on saatavilla rahoitusratkaisu.<br><br>Voimme toimittaa laitteet my\u00f6s elinkaarimallin mukaisesti. T\u00e4ll\u00f6in saatte tuotteet avaimet k\u00e4teen -asennettuna, yll\u00e4pidon koko niiden elinkaaren ajan ja h\u00e4vit\u00e4mme ne lopulta tietoturvallisesti.<\/p>\n\n\n\n<h2 class=\"wp-block-heading\">Tietoturvaratkaisut<\/h2>\n\n\n\n<p>Canoteam Oy toimittaa tietoturvaratkaisut yrityksen tietoturvas\u00e4\u00e4nn\u00f6sten ja toiveiden mukaisesti. Palveluihimme sis\u00e4ltyv\u00e4t lisenssit ja niiden hallinta sek\u00e4 jatkuva tietoturvatilan valvonta.<br><br>Tarjoamme asiakkaillemme mm. p\u00e4\u00e4telaitteen salauspalvelun, virustorjuntapalvelun, turvapostin sek\u00e4 vahvan tunnistautumispalvelun.<\/p>\n\n\n\n<h2 class=\"wp-block-heading\">Pilvipalvelut<\/h2>\n\n\n\n<p>Yrityksesi tuottavuus lis\u00e4\u00e4ntyy, kun ty\u00f6ntekij\u00f6ill\u00e4 on k\u00e4yt\u00f6ss\u00e4\u00e4n ty\u00f6n tekemiseen parhaiten soveltuvat modernit ty\u00f6kalut &#8211; kuten Microsoft Office 365. Voit ty\u00f6skennell\u00e4 ja tallentaa tietoa turvallisesti sijainnistasi riippumatta, vaihtaa laitteelta toiselle ja tietosi avautuvat aina ajantasaisena pilvest\u00e4 k\u00e4sin. En\u00e4\u00e4 ei tarvitse pel\u00e4t\u00e4 laitteen rikkoutumista ja tiedostojen menetyst\u00e4 sen my\u00f6t\u00e4.<\/p>\n\n\n\n<figure class=\"wp-block-image size-large is-resized\"><img loading=\"lazy\" decoding=\"async\" src=\"https:\/\/canoteam.fi\/wp-content\/uploads\/2022\/04\/M365-Blue-logo-1024x325.png\" alt=\"\" class=\"wp-image-143\" width=\"153\" height=\"49\" srcset=\"https:\/\/canoteam.fi\/wp-content\/uploads\/2022\/04\/M365-Blue-logo-1024x325.png 1024w, https:\/\/canoteam.fi\/wp-content\/uploads\/2022\/04\/M365-Blue-logo-300x95.png 300w, https:\/\/canoteam.fi\/wp-content\/uploads\/2022\/04\/M365-Blue-logo-768x244.png 768w, https:\/\/canoteam.fi\/wp-content\/uploads\/2022\/04\/M365-Blue-logo.png 1111w\" sizes=\"auto, (max-width: 153px) 100vw, 153px\" \/><\/figure>\n\n\n\n<h2 class=\"wp-block-heading\">Tulostuksen ratkaisut<\/h2>\n\n\n\n<p>Toimitamme alan parhaita Canon\u00a0toimisto-, ammattitulostamisen ja dokumentinhallinnan ratkaisuja sek\u00e4 -palveluita yrityksille, yhdistyksille ja julkishallinnolle. Oli tarpeesi sitten pientoimistoon tai suuryritystulostamiseen, l\u00f6yd\u00e4t ratkaisun meilt\u00e4. Tarjoamme my\u00f6s kattavat huolto- ja yll\u00e4pitopalvelut, jotta laitteesi toimivat takuulla luotettavasti ja ovat saatavilla silloin, kun tulosteita tarvitaan. Autamme yrityst\u00e4si\u00a0 virtaviivaistamaan toimistosi menettelytavat, parantamaan liiketoiminnan tehokkuutta ja lis\u00e4\u00e4m\u00e4\u00e4n ty\u00f6ntekij\u00f6iden tuottavuutta. Kerro meille haasteesi ja etsimme tarpeeseesi parhaiten sopivat ratkaisut.<\/p>\n\n\n\n<figure class=\"wp-block-image size-large is-resized\"><img loading=\"lazy\" decoding=\"async\" src=\"https:\/\/canoteam.fi\/wp-content\/uploads\/2022\/04\/slideshowImage_921-1024x683.jpg\" alt=\"\" class=\"wp-image-141\" width=\"538\" height=\"359\" srcset=\"https:\/\/canoteam.fi\/wp-content\/uploads\/2022\/04\/slideshowImage_921-1024x683.jpg 1024w, https:\/\/canoteam.fi\/wp-content\/uploads\/2022\/04\/slideshowImage_921-300x200.jpg 300w, https:\/\/canoteam.fi\/wp-content\/uploads\/2022\/04\/slideshowImage_921-768x512.jpg 768w, https:\/\/canoteam.fi\/wp-content\/uploads\/2022\/04\/slideshowImage_921-1536x1024.jpg 1536w, https:\/\/canoteam.fi\/wp-content\/uploads\/2022\/04\/slideshowImage_921.jpg 2048w\" sizes=\"auto, (max-width: 538px) 100vw, 538px\" \/><\/figure>\n\n\n\n<h2 class=\"wp-block-heading\">Kassat ja maksup\u00e4\u00e4tteet<\/h2>\n\n\n\n<p>Saat helpotettua ty\u00f6ntekij\u00f6iden ty\u00f6taakkaa rutiinien automatisoinnilla ja palveltua asiakkaita monipuolisen tuotetiedon avulla paremmin. Paremman palvelun my\u00f6t\u00e4 asiakkaasi tulevat mielell\u00e4\u00e4n my\u00f6s uudestaan. Helppok\u00e4ytt\u00f6isyyden ansiosta saat uudet ja osa-aikaiset myyj\u00e4t nopeasti tuottamaan pitk\u00e4llisen kassaj\u00e4rjestelm\u00e4n opettelun sijasta. Viivakoodituotteet ja helppok\u00e4ytt\u00f6inen varastonhallinta kasvattavat tulostasi ja v\u00e4hent\u00e4v\u00e4t h\u00e4vikki\u00e4. Autamme valitsemaan sinulle sopivimman j\u00e4rjestelm\u00e4n ja saat esittelyn asiantuntevalta myyj\u00e4lt\u00e4mme.<\/p>\n\n\n\n<h2 class=\"wp-block-heading\">Esitystekniikka, audio \/ video -j\u00e4rjestelm\u00e4t<\/h2>\n\n\n\n<p>Autamme sinua toteuttamaan tarpeitasi vastaavan esitys- tai videoneuvotteluratkaisun t\u00e4m\u00e4n p\u00e4iv\u00e4n tekniikalla. R\u00e4\u00e4t\u00e4l\u00f6imi\u00e4mme j\u00e4rjestelmi\u00e4 on mm. luokkahuone-, auditorio- ja mainosk\u00e4yt\u00f6ss\u00e4. Meilt\u00e4 l\u00f6yd\u00e4t data- ja videoprojektorit, dokumenttikamerat, n\u00e4yt\u00f6t sek\u00e4 av-kalusteet ja valkokankaat.<\/p>\n\n\n\n<h3 class=\"wp-block-heading\">Projektorit<\/h3>\n\n\n\n<p>Meilt\u00e4 l\u00f6yd\u00e4t projektorit esitysk\u00e4ytt\u00f6\u00f6n, kokoushuoneeseen, luokkaan, tai auditorioon. Laajasta valikoimastamme l\u00f6ytyy mallit kannettavista laitteista aina suurtehoprojektoreihin.<\/p>\n\n\n\n<h3 class=\"wp-block-heading\">Dokumenttikamerat<\/h3>\n\n\n\n<p>Toimitamme dokumenttikamerat moniin tarpeisiin. Tarvitsetko apua sopivan kameran valinnassa kokoushuoneeseen, luentosaliin tai luokkahuoneeseen? Kysy meilt\u00e4 lis\u00e4tietoja!<\/p>\n\n\n\n<h3 class=\"wp-block-heading\">iDiD Infoj\u00e4rjestelm\u00e4t<\/h3>\n\n\n\n<p>Helppok\u00e4ytt\u00f6isin sis\u00e4ll\u00f6nhallintaj\u00e4rjestelm\u00e4.<\/p>\n\n\n\n<p>Oletko tullut ajatelleeksi, ett\u00e4 hyvin suunniteltu ja viimeistelty n\u00e4ytt\u00f6sis\u00e4lt\u00f6 kiinnitt\u00e4\u00e4 asiakkaan huomion perinteist\u00e4 printtimainontaa tehokkaammin? Tutkimusten mukaan jopa 10 kertaa tehokkaammin. iDiDill\u00e4 luot helposti visuaalisesti kiinnostavaa sis\u00e4lt\u00f6\u00e4, jota voit ajastaa n\u00e4yt\u00f6ille etuk\u00e4teen tai p\u00e4ivitt\u00e4\u00e4 tietoja heti n\u00e4kyville. Selke\u00e4k\u00e4ytt\u00f6isen verkkopalvelun avulla sis\u00e4lt\u00f6jen tekeminen, p\u00e4ivitys ja ajastus onnistuu mist\u00e4 vain my\u00f6s mobiililaitteilla.<\/p>\n\n\n\n<p>N\u00e4ytt\u00f6sis\u00e4ll\u00f6t voivat olla teksti\u00e4, kuvia, videoita, valmista html-sis\u00e4lt\u00f6\u00e4 tai niiden yhdistelmi\u00e4. Integraatioiden avulla n\u00e4yt\u00f6ill\u00e4 voidaan esitt\u00e4\u00e4 my\u00f6s automaattisesti p\u00e4ivittyv\u00e4\u00e4 sis\u00e4lt\u00f6\u00e4 ilman tuplap\u00e4ivityksen vaivaa.<\/p>\n\n\n\n<p>Asiakkaanamme saat k\u00e4ytt\u00f6\u00f6si paitsi helppok\u00e4ytt\u00f6isen infon\u00e4ytt\u00f6j\u00e4rjestelm\u00e4n, my\u00f6s maksuttoman koulutuksen sek\u00e4 suomenkielisen tuen, joka palvelee viipym\u00e4tt\u00e4 kaikissa infon\u00e4ytt\u00f6ihin liittyviss\u00e4 asioissa. Valitsemalla iDiDin voit huoletta keskitty\u00e4 siihen, mit\u00e4 haluat kulloinkin tiedottaa, me hoidamme loput!<\/p>\n\n\n\n<figure class=\"wp-block-image size-large is-resized\"><img loading=\"lazy\" decoding=\"async\" src=\"https:\/\/canoteam.fi\/wp-content\/uploads\/2022\/04\/idid-1024x383.png\" alt=\"\" class=\"wp-image-144\" width=\"620\" height=\"232\" srcset=\"https:\/\/canoteam.fi\/wp-content\/uploads\/2022\/04\/idid-1024x383.png 1024w, https:\/\/canoteam.fi\/wp-content\/uploads\/2022\/04\/idid-300x112.png 300w, https:\/\/canoteam.fi\/wp-content\/uploads\/2022\/04\/idid-768x287.png 768w, https:\/\/canoteam.fi\/wp-content\/uploads\/2022\/04\/idid.png 1411w\" sizes=\"auto, (max-width: 620px) 100vw, 620px\" \/><\/figure>\n\n\n\n<h2 class=\"wp-block-heading\">Ty\u00f6ergonomia<\/h2>\n\n\n\n<p>Sopivilla laitevalinnoilla voidaan merkitt\u00e4v\u00e4sti parantaa ty\u00f6skentelyasentoa ja v\u00e4hent\u00e4\u00e4 staattista rasitusta. Meilt\u00e4 saat toimivat ergonomiaratkaisut toimistoty\u00f6skentelyn arkeen. Kysy lis\u00e4tietoja!<\/p>\n\n\n\n<h2 class=\"wp-block-heading\">Dokumentin hallinta<\/h2>\n\n\n\n<p>Digitaalisten asiakirjaty\u00f6nkulkujen etuna on yleens\u00e4 nopeus, mutta todellisuudessa asiakirjan siirt\u00e4minen yhdest\u00e4 toimistoj\u00e4rjestelm\u00e4st\u00e4 toiseen vaatii paljon manuaalista ty\u00f6t\u00e4. Siihen kuluu arvokasta aikaa ja virheiden mahdollisuus kasvaa. Usein n\u00e4in tapahtuu teht\u00e4ess\u00e4 yhteisty\u00f6t\u00e4 eri osastojen v\u00e4lill\u00e4 tai kumppaneiden kanssa, kun k\u00e4yt\u00f6ss\u00e4 olevia j\u00e4rjestelmi\u00e4 ei ole t\u00e4ysin integroitu toisiinsa. Tilanne voi olla hyvin turhauttava. Asiakirjanhallinnan ammattilaisena Canon voi auttaa optimoimaan p\u00e4ivitt\u00e4isen asiakirjanhallinnan siten, ett\u00e4 keskipisteess\u00e4 on k\u00e4ytt\u00e4j\u00e4, ei j\u00e4rjestelm\u00e4.<br><br>Kuinka monta asiakirjaa ty\u00f6st\u00e4t, vastaanotat ja jaat p\u00e4iv\u00e4ss\u00e4? Sek\u00e4 fyysisten ett\u00e4 digitaalisten asiakirjojen turvaaminen on merkitt\u00e4v\u00e4 haaste jokaiselle yritykselle. Suojausk\u00e4yt\u00e4nn\u00f6t eiv\u00e4t kuitenkaan saa hidastaa liiketoimintaa. Canon tekee yhteisty\u00f6t\u00e4 monien sellaisten yritysten kanssa, jotka k\u00e4sittelev\u00e4t p\u00e4ivitt\u00e4in eritt\u00e4in luottamuksellisia asiakirjoja tai antavat asiakkaiden k\u00e4ytt\u00e4\u00e4 tulostustoimintojaan. Asiantuntemuksemme ansiosta voimme tarjota asiakirjoillesi tarvittavan tietoturvan sek\u00e4 tehostaa ja nopeuttaa tulostusta.<br><br>P\u00e4ivitt\u00e4in tarvittavat asiakirjat pit\u00e4\u00e4 tallentaa luotettavasti ja varmasti. Autamme sinua j\u00e4rjest\u00e4m\u00e4\u00e4n tallentamisen paikallisesti tai pilvipalveluna tarpeesi mukaan.<\/p>\n\n\n\n<h2 class=\"wp-block-heading\">Tulostusmateriaalit ja toimistotarvikkeet<\/h2>\n\n\n\n<p>Meilt\u00e4 l\u00f6yd\u00e4t tarvikkeita kaikille t\u00e4rkeimmille tulostinmerkeille, mustavalko- ja v\u00e4ritulostukseen, arkki- ja suurkokoj\u00e4rjestelmille, moniin eri k\u00e4ytt\u00f6tarkoituksiin ja -sovelluksiin.<br>Myym\u00e4mme paperit, v\u00e4riaineet, musteet ja muut kulutustarvikkeet ovat perusteellisesti testattuja ja hyv\u00e4ksyttyj\u00e4. Tuotemerkkimme takaa tasaisen laadun, johon yrityksesi voi luottaa.<\/p>\n\n\n\n<p><\/p>\n","protected":false},"excerpt":{"rendered":"<p>Tietotekniikka Toimitamme yrityksesi tarpeisiin sopivan tietotekniikan tablet -tietokoneista palvelimiin &#8211;&nbsp;luotettavasti ja sovitusta aikataulusta kiinni pit\u00e4en. Kaikkiin laitehankintoihin on saatavilla rahoitusratkaisu. Voimme toimittaa laitteet my\u00f6s elinkaarimallin mukaisesti. T\u00e4ll\u00f6in saatte tuotteet avaimet k\u00e4teen -asennettuna, yll\u00e4pidon koko niiden elinkaaren ajan ja h\u00e4vit\u00e4mme ne<\/p>\n","protected":false},"author":1,"featured_media":0,"parent":0,"menu_order":0,"comment_status":"closed","ping_status":"closed","template":"","meta":{"footnotes":""},"class_list":["post-7","page","type-page","status-publish","hentry"],"_links":{"self":[{"href":"https:\/\/canoteam.fi\/index.php?rest_route=\/wp\/v2\/pages\/7","targetHints":{"allow":["GET"]}}],"collection":[{"href":"https:\/\/canoteam.fi\/index.php?rest_route=\/wp\/v2\/pages"}],"about":[{"href":"https:\/\/canoteam.fi\/index.php?rest_route=\/wp\/v2\/types\/page"}],"author":[{"embeddable":true,"href":"https:\/\/canoteam.fi\/index.php?rest_route=\/wp\/v2\/users\/1"}],"replies":[{"embeddable":true,"href":"https:\/\/canoteam.fi\/index.php?rest_route=%2Fwp%2Fv2%2Fcomments&post=7"}],"version-history":[{"count":6,"href":"https:\/\/canoteam.fi\/index.php?rest_route=\/wp\/v2\/pages\/7\/revisions"}],"predecessor-version":[{"id":145,"href":"https:\/\/canoteam.fi\/index.php?rest_route=\/wp\/v2\/pages\/7\/revisions\/145"}],"wp:attachment":[{"href":"https:\/\/canoteam.fi\/index.php?rest_route=%2Fwp%2Fv2%2Fmedia&parent=7"}],"curies":[{"name":"wp","href":"https:\/\/api.w.org\/{rel}","templated":true}]}}