{"id":8,"date":"2022-04-17T20:47:36","date_gmt":"2022-04-17T20:47:36","guid":{"rendered":"https:\/\/canoteam.fi\/?page_id=8"},"modified":"2022-04-18T09:07:47","modified_gmt":"2022-04-18T09:07:47","slug":"blogi","status":"publish","type":"page","link":"https:\/\/canoteam.fi\/?page_id=8","title":{"rendered":"Yhteystiedot"},"content":{"rendered":"\n<h2 class=\"wp-block-heading\">Yhteystiedot<\/h2>\n\n\n\n<p><mark style=\"background-color:rgba(0, 0, 0, 0)\" class=\"has-inline-color has-cyan-bluish-gray-color\"><em><strong>Myynti<\/strong><\/em><\/mark><\/p>\n\n\n\n<p><img loading=\"lazy\" decoding=\"async\" width=\"150\" height=\"175\" class=\"wp-image-99\" style=\"width: 150px;\" src=\"https:\/\/canoteam.fi\/wp-content\/uploads\/2022\/04\/stacks-image-c1b4867.jpg\" alt=\"\"><br><strong>Juha Laisalmi<br><\/strong>044 257 4173<br>juha.laisalmi @ canoteam.fi<br>\u2022 Canon tuotteet<br>\u2022 Casio kassaj\u00e4rjestelm\u00e4t<\/p>\n\n\n\n<p><img loading=\"lazy\" decoding=\"async\" width=\"150\" height=\"175\" class=\"wp-image-96\" style=\"width: 150px;\" src=\"https:\/\/canoteam.fi\/wp-content\/uploads\/2022\/04\/stacks-image-9f066ef.jpg\" alt=\"\"><br><strong>Heikki Heikkil\u00e4<br><\/strong>0400 752 615<br>heikki.heikkila@canoteam.fi<br>\u2022 Canon tuotteet<\/p>\n\n\n\n<p><img loading=\"lazy\" decoding=\"async\" width=\"150\" height=\"175\" class=\"wp-image-98\" style=\"width: 150px;\" src=\"https:\/\/canoteam.fi\/wp-content\/uploads\/2022\/04\/stacks-image-a4cc3c1.jpg\" alt=\"\"><br><strong>Sami Viippola<br><\/strong>040 753 5230<br>sami.viippola@canoteam.fi<br>\u2022 ICT-myynti ja asiantuntijapalvelut<\/p>\n\n\n\n<p><em><strong>Tekninen tuki<\/strong><\/em><\/p>\n\n\n\n<p><img loading=\"lazy\" decoding=\"async\" width=\"150\" height=\"175\" class=\"wp-image-97\" style=\"width: 150px;\" src=\"https:\/\/canoteam.fi\/wp-content\/uploads\/2022\/04\/stacks-image-749d581.jpg\" alt=\"\"><br><strong>Seppo Pirinen<br><\/strong>040 747 3631<br>seppo.pirinen@canoteam.fi<\/p>\n\n\n\n<p><img loading=\"lazy\" decoding=\"async\" width=\"150\" height=\"175\" class=\"wp-image-100\" style=\"width: 150px;\" src=\"https:\/\/canoteam.fi\/wp-content\/uploads\/2022\/04\/stacks-image-ddd2eb4.jpg\" alt=\"\"><br><strong>Petri Rankka<br><\/strong>050 540 7375<br>petri.rankka@canoteam.fi<\/p>\n\n\n\n<p><\/p>\n\n\n\n<p><\/p>\n\n\n\n<p><\/p>\n\n\n\n<p><\/p>\n","protected":false},"excerpt":{"rendered":"<p>Yhteystiedot Myynti Juha Laisalmi044 257 4173juha.laisalmi @ canoteam.fi\u2022 Canon tuotteet\u2022 Casio kassaj\u00e4rjestelm\u00e4t Heikki Heikkil\u00e40400 752 615heikki.heikkila@canoteam.fi\u2022 Canon tuotteet Sami Viippola040 753 5230sami.viippola@canoteam.fi\u2022 ICT-myynti ja asiantuntijapalvelut Tekninen tuki Seppo Pirinen040 747 3631seppo.pirinen@canoteam.fi Petri Rankka050 540 7375petri.rankka@canoteam.fi<\/p>\n","protected":false},"author":1,"featured_media":0,"parent":0,"menu_order":0,"comment_status":"closed","ping_status":"closed","template":"","meta":{"footnotes":""},"class_list":["post-8","page","type-page","status-publish","hentry"],"_links":{"self":[{"href":"https:\/\/canoteam.fi\/index.php?rest_route=\/wp\/v2\/pages\/8","targetHints":{"allow":["GET"]}}],"collection":[{"href":"https:\/\/canoteam.fi\/index.php?rest_route=\/wp\/v2\/pages"}],"about":[{"href":"https:\/\/canoteam.fi\/index.php?rest_route=\/wp\/v2\/types\/page"}],"author":[{"embeddable":true,"href":"https:\/\/canoteam.fi\/index.php?rest_route=\/wp\/v2\/users\/1"}],"replies":[{"embeddable":true,"href":"https:\/\/canoteam.fi\/index.php?rest_route=%2Fwp%2Fv2%2Fcomments&post=8"}],"version-history":[{"count":7,"href":"https:\/\/canoteam.fi\/index.php?rest_route=\/wp\/v2\/pages\/8\/revisions"}],"predecessor-version":[{"id":110,"href":"https:\/\/canoteam.fi\/index.php?rest_route=\/wp\/v2\/pages\/8\/revisions\/110"}],"wp:attachment":[{"href":"https:\/\/canoteam.fi\/index.php?rest_route=%2Fwp%2Fv2%2Fmedia&parent=8"}],"curies":[{"name":"wp","href":"https:\/\/api.w.org\/{rel}","templated":true}]}}